{"id":70,"date":"2026-01-13T15:38:09","date_gmt":"2026-01-13T12:38:09","guid":{"rendered":"http:\/\/localhost\/venedikmobilya.com\/?page_id=70"},"modified":"2026-02-09T20:47:06","modified_gmt":"2026-02-09T17:47:06","slug":"iletisim","status":"publish","type":"page","link":"http:\/\/venedikmobilya.com\/index.php\/iletisim\/","title":{"rendered":"\u0130leti\u015fim"},"content":{"rendered":"\t\t<div data-elementor-type=\"wp-page\" data-elementor-id=\"70\" class=\"elementor elementor-70\" data-elementor-post-type=\"page\">\n\t\t\t\t<div class=\"elementor-element elementor-element-c2b1a16 e-flex e-con-boxed e-con e-parent\" data-id=\"c2b1a16\" data-element_type=\"container\" data-e-type=\"container\" data-settings=\"{&quot;background_background&quot;:&quot;classic&quot;}\">\n\t\t\t\t\t<div class=\"e-con-inner\">\n\t\t<div class=\"elementor-element elementor-element-84d2477 e-con-full e-flex e-con e-child\" data-id=\"84d2477\" data-element_type=\"container\" data-e-type=\"container\">\n\t\t\t\t<div class=\"elementor-element elementor-element-d389d6a elementor-widget elementor-widget-heading\" data-id=\"d389d6a\" data-element_type=\"widget\" data-e-type=\"widget\" data-widget_type=\"heading.default\">\n\t\t\t\t\t<h2 class=\"elementor-heading-title elementor-size-default\">\u0130LET\u0130\u015e\u0130M<\/h2>\t\t\t\t<\/div>\n\t\t\t\t<\/div>\n\t\t<div class=\"elementor-element elementor-element-2b0fb6d e-con-full e-flex e-con e-child\" data-id=\"2b0fb6d\" data-element_type=\"container\" data-e-type=\"container\">\n\t\t\t\t<div class=\"elementor-element elementor-element-1956030 elementor-widget elementor-widget-heading\" data-id=\"1956030\" data-element_type=\"widget\" data-e-type=\"widget\" data-widget_type=\"heading.default\">\n\t\t\t\t\t<h2 class=\"elementor-heading-title elementor-size-default\"><a href=\"tel:04626664000\">0462 666 40 00<\/a><\/h2>\t\t\t\t<\/div>\n\t\t\t\t<\/div>\n\t\t\t\t\t<\/div>\n\t\t\t\t<\/div>\n\t\t<div class=\"elementor-element elementor-element-4fc33ba e-con-full e-flex e-con e-parent\" data-id=\"4fc33ba\" data-element_type=\"container\" data-e-type=\"container\">\n\t\t<div class=\"elementor-element elementor-element-d395f7a e-con-full e-flex e-con e-child\" data-id=\"d395f7a\" data-element_type=\"container\" data-e-type=\"container\" data-settings=\"{&quot;background_background&quot;:&quot;classic&quot;}\">\n\t\t\t\t<div class=\"elementor-element elementor-element-bace634 elementor-widget elementor-widget-heading\" data-id=\"bace634\" data-element_type=\"widget\" data-e-type=\"widget\" data-widget_type=\"heading.default\">\n\t\t\t\t\t<h2 class=\"elementor-heading-title elementor-size-default\">Venedik Mobilya <\/h2>\t\t\t\t<\/div>\n\t\t\t\t<div class=\"elementor-element elementor-element-8bbe3c2 elementor-widget elementor-widget-heading\" data-id=\"8bbe3c2\" data-element_type=\"widget\" data-e-type=\"widget\" data-widget_type=\"heading.default\">\n\t\t\t\t\t<h2 class=\"elementor-heading-title elementor-size-default\">Adres:<\/h2>\t\t\t\t<\/div>\n\t\t\t\t<div class=\"elementor-element elementor-element-df11e54 elementor-widget elementor-widget-heading\" data-id=\"df11e54\" data-element_type=\"widget\" data-e-type=\"widget\" data-widget_type=\"heading.default\">\n\t\t\t\t\t<h2 class=\"elementor-heading-title elementor-size-default\">Y\u0131ld\u0131zl\u0131 mah, Devlet, Sahil Yolu Cd. 10\/A, 61300 Ak\u00e7aabat\/Trabzon<\/h2>\t\t\t\t<\/div>\n\t\t\t\t<div class=\"elementor-element elementor-element-33ac17f elementor-widget elementor-widget-heading\" data-id=\"33ac17f\" data-element_type=\"widget\" data-e-type=\"widget\" data-widget_type=\"heading.default\">\n\t\t\t\t\t<h2 class=\"elementor-heading-title elementor-size-default\">Telefon:<\/h2>\t\t\t\t<\/div>\n\t\t\t\t<div class=\"elementor-element elementor-element-f3f4580 elementor-widget elementor-widget-heading\" data-id=\"f3f4580\" data-element_type=\"widget\" data-e-type=\"widget\" data-widget_type=\"heading.default\">\n\t\t\t\t\t<h2 class=\"elementor-heading-title elementor-size-default\">+90 462 666 4 000<\/h2>\t\t\t\t<\/div>\n\t\t\t\t<div class=\"elementor-element elementor-element-d59c185 elementor-widget elementor-widget-heading\" data-id=\"d59c185\" data-element_type=\"widget\" data-e-type=\"widget\" data-widget_type=\"heading.default\">\n\t\t\t\t\t<h2 class=\"elementor-heading-title elementor-size-default\">Gsm:<\/h2>\t\t\t\t<\/div>\n\t\t\t\t<div class=\"elementor-element elementor-element-d472902 elementor-widget elementor-widget-heading\" data-id=\"d472902\" data-element_type=\"widget\" data-e-type=\"widget\" data-widget_type=\"heading.default\">\n\t\t\t\t\t<h2 class=\"elementor-heading-title elementor-size-default\">+90 532 462 67 13<\/h2>\t\t\t\t<\/div>\n\t\t\t\t<div class=\"elementor-element elementor-element-aa0c344 elementor-widget elementor-widget-heading\" data-id=\"aa0c344\" data-element_type=\"widget\" data-e-type=\"widget\" data-widget_type=\"heading.default\">\n\t\t\t\t\t<h2 class=\"elementor-heading-title elementor-size-default\">E-Posta:<\/h2>\t\t\t\t<\/div>\n\t\t\t\t<div class=\"elementor-element elementor-element-4afccad elementor-widget elementor-widget-heading\" data-id=\"4afccad\" data-element_type=\"widget\" data-e-type=\"widget\" data-widget_type=\"heading.default\">\n\t\t\t\t\t<h2 class=\"elementor-heading-title elementor-size-default\"><a href=\"mailto:venediktrabzon@gmail.com\">venediktrabzon@gmail.com<\/a><\/h2>\t\t\t\t<\/div>\n\t\t\t\t<\/div>\n\t\t<div class=\"elementor-element elementor-element-77ac3bd e-con-full e-flex e-con e-child\" data-id=\"77ac3bd\" data-element_type=\"container\" data-e-type=\"container\">\n\t\t\t\t<div class=\"elementor-element elementor-element-de74ea6 elementor-widget elementor-widget-shortcode\" data-id=\"de74ea6\" data-element_type=\"widget\" data-e-type=\"widget\" data-widget_type=\"shortcode.default\">\n\t\t\t\t\t\t\t<div class=\"elementor-shortcode\"><iframe src=\"https:\/\/www.google.com\/maps\/embed?pb=!1m18!1m12!1m3!1d3010.8075390453873!2d39.61989347645005!3d41.007585519467035!2m3!1f0!2f0!3f0!3m2!1i1024!2i768!4f13.1!3m3!1m2!1s0x40643c4b9e67ab1f%3A0x6b9a1db12f4a745!2sVenedik%20mobilya!5e0!3m2!1str!2str!4v1768340443401!5m2!1str!2str\" width=\"600\" height=\"400\" style=\"border:0;\" allowfullscreen=\"\" loading=\"lazy\" referrerpolicy=\"no-referrer-when-downgrade\"><\/iframe><\/div>\n\t\t\t\t\t\t<\/div>\n\t\t\t\t<\/div>\n\t\t\t\t<\/div>\n\t\t\t\t<\/div>\n\t\t","protected":false},"excerpt":{"rendered":"<p>\u0130LET\u0130\u015e\u0130M 0462 666 40 00 Venedik Mobilya Adres: Y\u0131ld\u0131zl\u0131 mah, Devlet, Sahil Yolu Cd. 10\/A, 61300 Ak\u00e7aabat\/Trabzon Telefon: +90 462 666 4 000 Gsm: +90 532 462 67 13 E-Posta: venediktrabzon@gmail.com<\/p>\n","protected":false},"author":1,"featured_media":0,"parent":0,"menu_order":0,"comment_status":"closed","ping_status":"closed","template":"","meta":{"footnotes":""},"class_list":["post-70","page","type-page","status-publish","hentry"],"_links":{"self":[{"href":"http:\/\/venedikmobilya.com\/index.php\/wp-json\/wp\/v2\/pages\/70","targetHints":{"allow":["GET"]}}],"collection":[{"href":"http:\/\/venedikmobilya.com\/index.php\/wp-json\/wp\/v2\/pages"}],"about":[{"href":"http:\/\/venedikmobilya.com\/index.php\/wp-json\/wp\/v2\/types\/page"}],"author":[{"embeddable":true,"href":"http:\/\/venedikmobilya.com\/index.php\/wp-json\/wp\/v2\/users\/1"}],"replies":[{"embeddable":true,"href":"http:\/\/venedikmobilya.com\/index.php\/wp-json\/wp\/v2\/comments?post=70"}],"version-history":[{"count":97,"href":"http:\/\/venedikmobilya.com\/index.php\/wp-json\/wp\/v2\/pages\/70\/revisions"}],"predecessor-version":[{"id":948,"href":"http:\/\/venedikmobilya.com\/index.php\/wp-json\/wp\/v2\/pages\/70\/revisions\/948"}],"wp:attachment":[{"href":"http:\/\/venedikmobilya.com\/index.php\/wp-json\/wp\/v2\/media?parent=70"}],"curies":[{"name":"wp","href":"https:\/\/api.w.org\/{rel}","templated":true}]}}